{"id":4,"date":"2016-02-12T07:54:41","date_gmt":"2016-02-12T07:54:41","guid":{"rendered":"http:\/\/demos.famethemes.com\/onepress\/?page_id=4"},"modified":"2025-11-12T14:02:07","modified_gmt":"2025-11-12T13:02:07","slug":"home-2","status":"publish","type":"page","link":"https:\/\/seobest.de\/demo260300\/","title":{"rendered":"Home"},"content":{"rendered":"\n<p class=\"has-text-align-center\" style=\"font-size:17px\">Steinhoff Hydraulik in Ansfelden bei Linz steht seit 1992 f\u00fcr Kompetenz und Zuverl\u00e4ssigkeit auf dem Hydrauliksektor. Wir beliefern diverse namhafte Firmen im In- und Ausland. Das Programm umfasst die komplette Mobil- und Industriehydraulik.<\/p>\n\n\n\n<p class=\"has-text-align-center\" style=\"font-size:17px\">Partnerschaften mit weltweit f\u00fchrenden Komponentenherstellern erm\u00f6glichen es der Firma Steinhoff, effektiv zu agieren.<\/p>\n\n\n\n<p class=\"has-text-align-center\" style=\"font-size:17px\">Wir sind Spezialisten in der Entwicklung und Fertigung von Norm- und Sonderzylindern sowie kompletten Hydraulikaggregaten.<br>Je nach Anforderung unserer Kunden konstruieren und fertigen wir Hydraulikzylinder mit Wegmesssystem, Endlagen\u00fcberwachung oder vollst\u00e4ndig aus Edelstahl \u2013 pr\u00e4zise, langlebig und auf den jeweiligen Einsatzbereich abgestimmt.<\/p>\n\n\n\n<p class=\"has-text-align-center\" style=\"font-size:17px\">Dar\u00fcber hinaus bieten wir Ersatzteile f\u00fcr s\u00e4mtliche Hydraulikanlagen.<br>Ein umfangreiches Lager mit Pumpen, Ventilen, Dichtungen und weiteren Komponenten erm\u00f6glicht kurzfristige Lieferzeiten und sichert die schnelle Instandsetzung Ihrer Anlagen.<\/p>\n\n\n\n<div style=\"height:80px\" aria-hidden=\"true\" class=\"wp-block-spacer\"><\/div>\n\n\n\n<div class=\"wp-block-columns is-layout-flex wp-container-core-columns-is-layout-9d6595d7 wp-block-columns-is-layout-flex\">\n<div class=\"wp-block-column is-layout-flow wp-block-column-is-layout-flow\" style=\"flex-basis:45%\">\n<h2 class=\"wp-block-heading has-text-color has-link-color has-x-large-font-size wp-elements-89aa24193b7cb3d9062e8a5be699c405\" style=\"color:#1f59ad\">Ihr Partner in \u00d6sterreich<\/h2>\n<\/div>\n\n\n\n<div class=\"wp-block-column is-vertically-aligned-center is-layout-flow wp-block-column-is-layout-flow\">\n<hr class=\"wp-block-separator has-text-color has-alpha-channel-opacity has-background is-style-wide\" style=\"background-color:#1f59ad;color:#1f59ad\"\/>\n<\/div>\n<\/div>\n\n\n\n<div style=\"height:25px\" aria-hidden=\"true\" class=\"wp-block-spacer\"><\/div>\n\n\n\n<div class=\"wp-block-columns is-layout-flex wp-container-core-columns-is-layout-9d6595d7 wp-block-columns-is-layout-flex\">\n<div class=\"wp-block-column is-layout-flow wp-block-column-is-layout-flow\"><div class=\"wp-block-image img_hmn \">\n<figure class=\"aligncenter size-full is-resized has-lightbox\"><a href=\"https:\/\/www.bucherhydraulics.com\/de\" target=\"_blank\" rel=\" noreferrer noopener\"><img loading=\"lazy\" decoding=\"async\" width=\"611\" height=\"326\" src=\"https:\/\/seobest.de\/demo260300\/wp-content\/uploads\/2025\/03\/Screenshot-2025-03-27-112924.png\" alt=\"\" class=\"wp-image-10921\" style=\"width:420px\" srcset=\"https:\/\/seobest.de\/demo260300\/wp-content\/uploads\/2025\/03\/Screenshot-2025-03-27-112924.png 611w, https:\/\/seobest.de\/demo260300\/wp-content\/uploads\/2025\/03\/Screenshot-2025-03-27-112924-300x160.png 300w\" sizes=\"auto, (max-width: 611px) 100vw, 611px\" \/><\/a><\/figure>\n<\/div>\n\n\n<div style=\"height:10px\" aria-hidden=\"true\" class=\"wp-block-spacer\"><\/div>\n\n\n\n<div class=\"wp-block-buttons is-content-justification-center is-layout-flex wp-container-core-buttons-is-layout-16018d1d wp-block-buttons-is-layout-flex\">\n<div class=\"wp-block-button\"><a class=\"wp-block-button__link has-white-color has-text-color has-background has-link-color wp-element-button\" href=\"https:\/\/www.bucherhydraulics.com\/de\" style=\"background-color:#1f59ad\" target=\"_blank\" rel=\"noreferrer noopener\">Bitte dr\u00fccken \/ Press<\/a><\/div>\n<\/div>\n<\/div>\n<\/div>\n\n\n\n<div class=\"wp-block-group alignfull\" style=\"padding-top:40px;padding-right:5px;padding-bottom:40px;padding-left:5px\"><div class=\"wp-block-group__inner-container is-layout-constrained wp-container-core-group-is-layout-573bc1d7 wp-block-group-is-layout-constrained\">\n<div class=\"wp-block-columns is-layout-flex wp-container-core-columns-is-layout-d9e944a9 wp-block-columns-is-layout-flex\" style=\"margin-top:40px\">\n<div class=\"wp-block-column is-layout-flow wp-block-column-is-layout-flow\">\n<div class=\"wp-block-group clm1_hmn has-border-color has-white-border-color has-white-color has-text-color has-background has-link-color wp-elements-4987084c7db07836b036a2184430cc61\" style=\"border-style:solid;border-width:2px;border-top-left-radius:30px;border-top-right-radius:0px;border-bottom-left-radius:30px;border-bottom-right-radius:30px;background-color:#1f59ad;padding-top:50px;padding-right:40px;padding-bottom:50px;padding-left:40px\"><div class=\"wp-block-group__inner-container is-layout-flow wp-block-group-is-layout-flow\">\n<div class=\"wp-block-columns is-layout-flex wp-container-core-columns-is-layout-9d6595d7 wp-block-columns-is-layout-flex\">\n<div class=\"wp-block-column is-layout-flow wp-block-column-is-layout-flow\">\n<figure class=\"wp-block-image size-full\"><img loading=\"lazy\" decoding=\"async\" width=\"800\" height=\"600\" src=\"https:\/\/seobest.de\/demo260300\/wp-content\/uploads\/2025\/03\/1317009_eb-1.jpg\" alt=\"\" class=\"wp-image-10868\" srcset=\"https:\/\/seobest.de\/demo260300\/wp-content\/uploads\/2025\/03\/1317009_eb-1.jpg 800w, https:\/\/seobest.de\/demo260300\/wp-content\/uploads\/2025\/03\/1317009_eb-1-300x225.jpg 300w, https:\/\/seobest.de\/demo260300\/wp-content\/uploads\/2025\/03\/1317009_eb-1-768x576.jpg 768w\" sizes=\"auto, (max-width: 800px) 100vw, 800px\" \/><\/figure>\n\n\n\n<div style=\"height:25px\" aria-hidden=\"true\" class=\"wp-block-spacer\"><\/div>\n\n\n\n<h2 class=\"wp-block-heading has-white-color has-text-color has-link-color wp-elements-dad3b110b2a44aef560e83d4c0c14c21\" style=\"font-size:21px;font-style:normal;font-weight:500;line-height:1\"><strong>Hydraulikzylinder<\/strong><\/h2>\n\n\n\n<ul class=\"wp-block-list\">\n<li>Normzylinder<\/li>\n\n\n\n<li>Sonderzylinder<\/li>\n\n\n\n<li>Zylinderzubeh\u00f6r<\/li>\n\n\n\n<li>Dichtungen<\/li>\n<\/ul>\n\n\n\n<div style=\"height:50px\" aria-hidden=\"true\" class=\"wp-block-spacer\"><\/div>\n\n\n\n<div class=\"wp-block-buttons is-layout-flex wp-block-buttons-is-layout-flex\">\n<div class=\"wp-block-button is-style-outline is-style-outline--1\"><a class=\"wp-block-button__link has-white-color has-text-color has-custom-font-size wp-element-button\" href=\"https:\/\/seobest.de\/demo260300\/hydraulikzylinder\/\" style=\"border-radius:5px;padding-top:12px;padding-right:30px;padding-bottom:12px;padding-left:30px;font-size:14px\"><strong>Mehr<\/strong><\/a><\/div>\n<\/div>\n<\/div>\n<\/div>\n<\/div><\/div>\n<\/div>\n\n\n\n<div class=\"wp-block-column is-layout-flow wp-block-column-is-layout-flow\">\n<div class=\"wp-block-group clm1_hmn has-white-color has-text-color has-background has-link-color wp-elements-2a731d5e7c52e99e2bddfafa5c1eca2b\" style=\"border-style:solid;border-width:2px;border-top-left-radius:30px;border-top-right-radius:0px;border-bottom-left-radius:30px;border-bottom-right-radius:30px;background-color:#1f59ad;padding-top:50px;padding-right:40px;padding-bottom:40px;padding-left:40px\"><div class=\"wp-block-group__inner-container is-layout-flow wp-block-group-is-layout-flow\">\n<div class=\"wp-block-columns is-layout-flex wp-container-core-columns-is-layout-9d6595d7 wp-block-columns-is-layout-flex\">\n<div class=\"wp-block-column is-layout-flow wp-block-column-is-layout-flow\">\n<figure class=\"wp-block-image size-full\"><img loading=\"lazy\" decoding=\"async\" width=\"800\" height=\"600\" src=\"https:\/\/seobest.de\/demo260300\/wp-content\/uploads\/2025\/03\/1317012_eb-1.jpg\" alt=\"\" class=\"wp-image-10869\" srcset=\"https:\/\/seobest.de\/demo260300\/wp-content\/uploads\/2025\/03\/1317012_eb-1.jpg 800w, https:\/\/seobest.de\/demo260300\/wp-content\/uploads\/2025\/03\/1317012_eb-1-300x225.jpg 300w, https:\/\/seobest.de\/demo260300\/wp-content\/uploads\/2025\/03\/1317012_eb-1-768x576.jpg 768w\" sizes=\"auto, (max-width: 800px) 100vw, 800px\" \/><\/figure>\n\n\n\n<div style=\"height:25px\" aria-hidden=\"true\" class=\"wp-block-spacer\"><\/div>\n\n\n\n<h2 class=\"wp-block-heading has-white-color has-text-color has-link-color wp-elements-7306d43f1ed9302bc41f6f72caf18d83\" style=\"font-size:21px;font-style:normal;font-weight:500;line-height:1\"><strong>Hydraulikkomponenten<\/strong><\/h2>\n\n\n\n<div class=\"wp-block-columns is-layout-flex wp-container-core-columns-is-layout-9d6595d7 wp-block-columns-is-layout-flex\">\n<div class=\"wp-block-column is-layout-flow wp-block-column-is-layout-flow\">\n<ul class=\"wp-block-list\">\n<li>Pumpen<\/li>\n\n\n\n<li>Motoren<\/li>\n\n\n\n<li>Druckventile<\/li>\n\n\n\n<li>Wegeventile<\/li>\n<\/ul>\n<\/div>\n\n\n\n<div class=\"wp-block-column is-layout-flow wp-block-column-is-layout-flow\" style=\"flex-basis:55%\">\n<ul class=\"wp-block-list\">\n<li>Stromventile &#8211; Sperrventile<\/li>\n\n\n\n<li>Sitzventile<\/li>\n\n\n\n<li>Elektronik<\/li>\n\n\n\n<li>Steuerbl\u00f6cke<\/li>\n<\/ul>\n<\/div>\n<\/div>\n\n\n\n<div style=\"height:17px\" aria-hidden=\"true\" class=\"wp-block-spacer\"><\/div>\n\n\n\n<div class=\"wp-block-buttons is-layout-flex wp-block-buttons-is-layout-flex\">\n<div class=\"wp-block-button is-style-outline is-style-outline--2\"><a class=\"wp-block-button__link has-white-color has-text-color has-custom-font-size wp-element-button\" href=\"https:\/\/seobest.de\/demo260300\/hydraulikkomponenten\/\" style=\"border-radius:5px;padding-top:12px;padding-right:30px;padding-bottom:12px;padding-left:30px;font-size:14px\"><strong>Mehr<\/strong><\/a><\/div>\n<\/div>\n<\/div>\n<\/div>\n<\/div><\/div>\n<\/div>\n<\/div>\n\n\n\n<div class=\"wp-block-columns is-layout-flex wp-container-core-columns-is-layout-d9e944a9 wp-block-columns-is-layout-flex\" style=\"margin-top:40px\">\n<div class=\"wp-block-column is-layout-flow wp-block-column-is-layout-flow\">\n<div class=\"wp-block-group clm1_hmn has-border-color has-white-border-color has-white-color has-text-color has-background has-link-color wp-elements-52b79dc8255df792d1917f5b7be30c8c\" style=\"border-style:solid;border-width:2px;border-top-left-radius:30px;border-top-right-radius:0px;border-bottom-left-radius:30px;border-bottom-right-radius:30px;background-color:#1f59ad;padding-top:50px;padding-right:40px;padding-bottom:40px;padding-left:40px\"><div class=\"wp-block-group__inner-container is-layout-flow wp-block-group-is-layout-flow\">\n<div class=\"wp-block-columns is-layout-flex wp-container-core-columns-is-layout-9d6595d7 wp-block-columns-is-layout-flex\">\n<div class=\"wp-block-column is-layout-flow wp-block-column-is-layout-flow\">\n<figure class=\"wp-block-image size-full\"><img loading=\"lazy\" decoding=\"async\" width=\"523\" height=\"383\" src=\"https:\/\/seobest.de\/demo260300\/wp-content\/uploads\/2025\/03\/Screenshot-2025-03-27-102427.png\" alt=\"\" class=\"wp-image-10870\" srcset=\"https:\/\/seobest.de\/demo260300\/wp-content\/uploads\/2025\/03\/Screenshot-2025-03-27-102427.png 523w, https:\/\/seobest.de\/demo260300\/wp-content\/uploads\/2025\/03\/Screenshot-2025-03-27-102427-300x220.png 300w\" sizes=\"auto, (max-width: 523px) 100vw, 523px\" \/><\/figure>\n\n\n\n<div style=\"height:25px\" aria-hidden=\"true\" class=\"wp-block-spacer\"><\/div>\n\n\n\n<h2 class=\"wp-block-heading has-white-color has-text-color has-link-color wp-elements-4af3173e43ea3f164be9b3a328d5190c\" style=\"font-size:21px;font-style:normal;font-weight:500;line-height:1\"><strong>Hydraulik Reparatur<\/strong><\/h2>\n\n\n\n<ul class=\"wp-block-list\">\n<li>Hydraulikzylinder jeder Art und jedes Fabrikats<\/li>\n\n\n\n<li>Expressreparaturen<\/li>\n\n\n\n<li>S\u00e4mtliche Ersatzteile: Kolbenstange, Zylinderrohr etc., auch von Fremdfabrikaten<\/li>\n\n\n\n<li>Hydraulikpumpen: Neu abdichten, Austausch defekter Teile<\/li>\n\n\n\n<li>Hydraulikanlagen: \u00dcberpr\u00fcfung, Service, Fehlersuche, Reparatur sowie Umbau nach Vereinbarung<\/li>\n<\/ul>\n\n\n\n<div style=\"height:30px\" aria-hidden=\"true\" class=\"wp-block-spacer\"><\/div>\n\n\n\n<div class=\"wp-block-buttons is-layout-flex wp-block-buttons-is-layout-flex\">\n<div class=\"wp-block-button is-style-outline is-style-outline--3\"><a class=\"wp-block-button__link has-white-color has-text-color has-custom-font-size wp-element-button\" href=\"https:\/\/seobest.de\/demo260300\/hydraulik-reparatur\/\" style=\"border-radius:5px;padding-top:12px;padding-right:30px;padding-bottom:12px;padding-left:30px;font-size:14px\"><strong>Mehr<\/strong><\/a><\/div>\n<\/div>\n<\/div>\n<\/div>\n<\/div><\/div>\n<\/div>\n\n\n\n<div class=\"wp-block-column is-layout-flow wp-block-column-is-layout-flow\">\n<div class=\"wp-block-group clm1_hmn has-white-color has-text-color has-background has-link-color wp-elements-810ab3520029d21413ce36b07e2a2b1b\" style=\"border-style:solid;border-width:2px;border-top-left-radius:30px;border-top-right-radius:0px;border-bottom-left-radius:30px;border-bottom-right-radius:30px;background-color:#1f59ad;padding-top:50px;padding-right:40px;padding-bottom:40px;padding-left:40px\"><div class=\"wp-block-group__inner-container is-layout-flow wp-block-group-is-layout-flow\">\n<div class=\"wp-block-columns is-layout-flex wp-container-core-columns-is-layout-9d6595d7 wp-block-columns-is-layout-flex\">\n<div class=\"wp-block-column is-layout-flow wp-block-column-is-layout-flow\">\n<figure class=\"wp-block-image size-full\"><img loading=\"lazy\" decoding=\"async\" width=\"800\" height=\"600\" src=\"https:\/\/seobest.de\/demo260300\/wp-content\/uploads\/2025\/03\/1317008_eb-1-1.jpg\" alt=\"\" class=\"wp-image-10866\" srcset=\"https:\/\/seobest.de\/demo260300\/wp-content\/uploads\/2025\/03\/1317008_eb-1-1.jpg 800w, https:\/\/seobest.de\/demo260300\/wp-content\/uploads\/2025\/03\/1317008_eb-1-1-300x225.jpg 300w, https:\/\/seobest.de\/demo260300\/wp-content\/uploads\/2025\/03\/1317008_eb-1-1-768x576.jpg 768w\" sizes=\"auto, (max-width: 800px) 100vw, 800px\" \/><\/figure>\n\n\n\n<div style=\"height:25px\" aria-hidden=\"true\" class=\"wp-block-spacer\"><\/div>\n\n\n\n<h2 class=\"wp-block-heading has-white-color has-text-color has-link-color wp-elements-81854873dd1616381bd7fdf57b44bf86\" style=\"font-size:21px;font-style:normal;font-weight:500;line-height:1\"><strong>Aggregate und Anlagenbau<\/strong><\/h2>\n\n\n\n<ul class=\"wp-block-list\">\n<li>Kompaktaggregate &#8211; Beh\u00e4lterinhalt 0,5-10 l<\/li>\n\n\n\n<li>Kleinaggregate &#8211; Beh\u00e4lterinhalt 5-30 Liter<\/li>\n\n\n\n<li>Normaggregate &#8211; Beh\u00e4lterinhalt 60-1000 Liter<br>(Beh\u00e4lterma\u00dfe nach TP-Norm bzw. nach DIN)<\/li>\n\n\n\n<li>Sonderaggregate &#8211; Beh\u00e4lterinhalt nach Ihren W\u00fcnschen bzw. nach Einbausituation<\/li>\n<\/ul>\n\n\n\n<div style=\"height:55px\" aria-hidden=\"true\" class=\"wp-block-spacer\"><\/div>\n\n\n\n<div class=\"wp-block-buttons is-layout-flex wp-block-buttons-is-layout-flex\">\n<div class=\"wp-block-button is-style-outline is-style-outline--4\"><a class=\"wp-block-button__link has-white-color has-text-color has-custom-font-size wp-element-button\" href=\"https:\/\/seobest.de\/demo260300\/aggregate-und-anlagenbau\/\" style=\"border-radius:5px;padding-top:12px;padding-right:30px;padding-bottom:12px;padding-left:30px;font-size:14px\"><strong>Mehr<\/strong><\/a><\/div>\n<\/div>\n<\/div>\n<\/div>\n<\/div><\/div>\n<\/div>\n<\/div>\n<\/div><\/div>\n\n\n\n<div style=\"height:100px\" aria-hidden=\"true\" class=\"wp-block-spacer\"><\/div>\n\n\n\n<div class=\"wp-block-group fwd_class has-background\" style=\"background-color:#eeeeee\"><div class=\"wp-block-group__inner-container is-layout-constrained wp-block-group-is-layout-constrained\">\n<div style=\"height:30px\" aria-hidden=\"true\" class=\"wp-block-spacer\"><\/div>\n\n\n\n<div class=\"wp-block-columns hmn_content is-layout-flex wp-container-core-columns-is-layout-9d6595d7 wp-block-columns-is-layout-flex\">\n<div class=\"wp-block-column is-vertically-aligned-top is-layout-flow wp-block-column-is-layout-flow\">\n<p class=\"has-text-align-center has-text-color has-link-color has-medium-font-size wp-elements-a07fdb6304dcac5ce3a0a5e081937990\" style=\"color:#1f59ad\"><strong>Hydraulikzylinder und Reparatur von Hydraulikkomponenten<\/strong><\/p>\n\n\n\n<hr class=\"wp-block-separator has-text-color has-alpha-channel-opacity has-background is-style-wide\" style=\"background-color:#1f59ad;color:#1f59ad\"\/>\n\n\n\n<p>Auf dem Instandhaltungs- und Reparatursektor werden Hydraulikzylinder s\u00e4mtlicher Fabrikate repariert und instand gesetzt. <\/p>\n\n\n\n<p>Dabei werden Arbeiten wie z. B. Dichtungswechsel, Neuanfertigung s\u00e4mtlicher defekter Teile wie Kolbenstange, Zylinderrohr sowie Austausch der Gelenklager durchgef\u00fchrt. <\/p>\n\n\n\n<p>Die Bearbeitung von Drehteilen bis Au\u00dfendurchmesser 1100 mm und einer L\u00e4nge bis 6000 mm ist m\u00f6glich (auch nach Kundenzeichnungen).<\/p>\n<\/div>\n\n\n\n<div class=\"wp-block-column is-layout-flow wp-block-column-is-layout-flow\">\n<p class=\"has-text-align-center has-text-color has-link-color has-medium-font-size wp-elements-8202caf5ad18d290fff780747bb0c2c8\" style=\"color:#1f59ad\"><strong>Umfangreiches Lager an Hydraulikkomponenten in Ober\u00f6sterreich<\/strong><\/p>\n\n\n\n<hr class=\"wp-block-separator has-text-color has-alpha-channel-opacity has-background is-style-wide\" style=\"background-color:#1f59ad;color:#1f59ad\"\/>\n\n\n\n<p>Ein gut sortiertes Lager an Dichtungen und Ersatzteilen wie Magnetventilen, Filterelementen, Pumpeneins\u00e4tzen, Zahnradpumpen, Manometern, s\u00e4mtliches Zubeh\u00f6r f\u00fcr Hydraulikanlagen erm\u00f6glicht eine rasche Lieferung an unsere Kunden. Instandhaltung sowie Service und Wartung hydraulischer Anlagen vor Ort werden durch unser Fachpersonal verl\u00e4sslich und kompetent durchgef\u00fchrt.<\/p>\n\n\n\n<p>Wettbewerbsvorteile konnten wir uns durch unsere gro\u00dfe Flexibilit\u00e4t sowie verl\u00e4ssliche und rasche Durchf\u00fchrung auf hohem Qualit\u00e4tsniveau der geleisteten Arbeiten erwerben.<\/p>\n\n\n\n<p>Mit Sitz in Ansfelden, direkt an der Autobahn A1, nahe Linz, ist die Firma Steinhoff Hydraulik in Ober\u00f6sterreich zentral positioniert.<\/p>\n<\/div>\n<\/div>\n\n\n\n<div style=\"height:30px\" aria-hidden=\"true\" class=\"wp-block-spacer\"><\/div>\n<\/div><\/div>\n\n\n\n<div style=\"height:50px\" aria-hidden=\"true\" class=\"wp-block-spacer\"><\/div>\n\n\n\n<h3 class=\"wp-block-heading has-text-align-center\"><strong>Unsere Produktpalette umfasst folgende Hersteller:<\/strong><\/h3>\n\n\n\n<div style=\"height:50px\" aria-hidden=\"true\" class=\"wp-block-spacer\"><\/div>\n\n\n\n<div class=\"wp-block-columns hmn_q has-white-color has-text-color has-background has-link-color wp-elements-b0e1e60dcc907a8b3a060800ec5edb60 is-layout-flex wp-container-core-columns-is-layout-9d6595d7 wp-block-columns-is-layout-flex\" style=\"background-color:#1f59ad\">\n<div class=\"wp-block-column is-layout-flow wp-block-column-is-layout-flow\">\n<div style=\"height:25px\" aria-hidden=\"true\" class=\"wp-block-spacer\"><\/div>\n\n\n\n<h4 class=\"wp-block-heading has-white-color has-text-color has-link-color wp-elements-3f46638dc8473b5067d094c2d35f0ce5\"><strong>Hydraulikkomponenten<\/strong><\/h4>\n\n\n\n<hr class=\"wp-block-separator has-text-color has-white-color has-alpha-channel-opacity has-white-background-color has-background is-style-wide\"\/>\n\n\n\n<p>Hydraulikkomponenten: BUCHER Hydraulics, Parker, Denison, Vickers, Bosch, Rexroth, Mecman, Herion, Atos, Aron, Hawe, HEB, HEMA, Staffa, Kawasaki, Bucher, Trunninger, Daikin, Duplomatic, Hydromatic<\/p>\n<\/div>\n\n\n\n<div class=\"wp-block-column is-layout-flow wp-block-column-is-layout-flow\">\n<div style=\"height:25px\" aria-hidden=\"true\" class=\"wp-block-spacer\"><\/div>\n\n\n\n<h4 class=\"wp-block-heading has-white-color has-text-color has-link-color wp-elements-b3dc387504154f290858f1dc7dcf8dca\"><strong>Hydraulikfilter<\/strong><\/h4>\n\n\n\n<hr class=\"wp-block-separator has-text-color has-white-color has-alpha-channel-opacity has-white-background-color has-background is-style-wide\"\/>\n\n\n\n<p>Hydac, Mahle, Internormen, UCC, EPE, Pall, Sofima, OMT, MP-Filtri, Agro, Mann, Donaldson, Filtrec<\/p>\n<\/div>\n\n\n\n<div class=\"wp-block-column is-layout-flow wp-block-column-is-layout-flow\">\n<div style=\"height:25px\" aria-hidden=\"true\" class=\"wp-block-spacer\"><\/div>\n\n\n\n<h4 class=\"wp-block-heading has-white-color has-text-color has-link-color wp-elements-96173c609f1c689650c57adf07d97134\"><strong>Hydraulikpumpen<\/strong><\/h4>\n\n\n\n<hr class=\"wp-block-separator has-text-color has-white-color has-alpha-channel-opacity has-white-background-color has-background is-style-wide\"\/>\n\n\n\n<p>Bucher, Casappa, Salami, Lamborghini, Marzocchi, Sauer, Danfoss, Turolla-Plessey, Dowty, Hamworthy, Roquet, Orsta, HPI, Eckerle, Char-Lynn<\/p>\n<\/div>\n<\/div>\n\n\n\n<div class=\"wp-block-columns hmn_q has-white-color has-text-color has-background has-link-color wp-elements-ea698740b8dda03d19379ada086e975b is-layout-flex wp-container-core-columns-is-layout-9d6595d7 wp-block-columns-is-layout-flex\" style=\"background-color:#1f59ad\">\n<div class=\"wp-block-column is-layout-flow wp-block-column-is-layout-flow\">\n<div style=\"height:25px\" aria-hidden=\"true\" class=\"wp-block-spacer\"><\/div>\n\n\n\n<h4 class=\"wp-block-heading has-white-color has-text-color has-link-color wp-elements-16196c9e2f2a73a7a71d9763f86b023b\"><strong>Hydraulikmotore<\/strong><\/h4>\n\n\n\n<hr class=\"wp-block-separator has-text-color has-white-color has-alpha-channel-opacity has-white-background-color has-background is-style-wide\"\/>\n\n\n\n<p>Bucher Hydraulics, <br>Danfoss, Parker, Rexroth<\/p>\n<\/div>\n\n\n\n<div class=\"wp-block-column is-layout-flow wp-block-column-is-layout-flow\">\n<div style=\"height:25px\" aria-hidden=\"true\" class=\"wp-block-spacer\"><\/div>\n\n\n\n<h4 class=\"wp-block-heading has-white-color has-text-color has-link-color wp-elements-4a64d3b2bd19fecb28145c505390f00c\"><strong>Druckschalter<\/strong><\/h4>\n\n\n\n<hr class=\"wp-block-separator has-text-color has-white-color has-alpha-channel-opacity has-white-background-color has-background is-style-wide\"\/>\n\n\n\n<p>Eletrottec, Barksdale, <br>Hydropa, Suco<\/p>\n<\/div>\n\n\n\n<div class=\"wp-block-column is-layout-flow wp-block-column-is-layout-flow\">\n<div style=\"height:25px\" aria-hidden=\"true\" class=\"wp-block-spacer\"><\/div>\n\n\n\n<h4 class=\"wp-block-heading has-white-color has-text-color has-link-color wp-elements-c3e08f11635f47983fb0a304f961ecbe\"><strong>Hochdruckhydraulik<\/strong><\/h4>\n\n\n\n<hr class=\"wp-block-separator has-text-color has-white-color has-alpha-channel-opacity has-white-background-color has-background is-style-wide\"\/>\n\n\n\n<p>ENERPAC, Larzep<\/p>\n<\/div>\n\n\n\n<div class=\"wp-block-column is-layout-flow wp-block-column-is-layout-flow\">\n<div style=\"height:25px\" aria-hidden=\"true\" class=\"wp-block-spacer\"><\/div>\n\n\n\n<h4 class=\"wp-block-heading has-white-color has-text-color has-link-color wp-elements-e570baf709fdad6da52d35429df2875f\"><strong>Dichtungen<\/strong><\/h4>\n\n\n\n<hr class=\"wp-block-separator has-text-color has-white-color has-alpha-channel-opacity has-white-background-color has-background is-style-wide\"\/>\n\n\n\n<p>Merkel, Parker, Hunger, Seal Concept, Hallite, gedrehte Ausf\u00fchrungen<\/p>\n<\/div>\n<\/div>\n","protected":false},"excerpt":{"rendered":"<p>Steinhoff Hydraulik in Ansfelden bei Linz steht seit 1992 f\u00fcr Kompetenz und Zuverl\u00e4ssigkeit auf dem Hydrauliksektor. Wir beliefern diverse namhafte Firmen im In- und Ausland. Das Programm umfasst die komplette &#8230;<\/p>\n","protected":false},"author":2,"featured_media":0,"parent":0,"menu_order":0,"comment_status":"closed","ping_status":"closed","template":"template-frontpage.php","meta":{"_coblocks_attr":"","_coblocks_dimensions":"","_coblocks_responsive_height":"","_coblocks_accordion_ie_support":"","pgc_sgb_lightbox_settings":"","footnotes":""},"class_list":["post-4","page","type-page","status-publish","hentry"],"_links":{"self":[{"href":"https:\/\/seobest.de\/demo260300\/wp-json\/wp\/v2\/pages\/4","targetHints":{"allow":["GET"]}}],"collection":[{"href":"https:\/\/seobest.de\/demo260300\/wp-json\/wp\/v2\/pages"}],"about":[{"href":"https:\/\/seobest.de\/demo260300\/wp-json\/wp\/v2\/types\/page"}],"author":[{"embeddable":true,"href":"https:\/\/seobest.de\/demo260300\/wp-json\/wp\/v2\/users\/2"}],"replies":[{"embeddable":true,"href":"https:\/\/seobest.de\/demo260300\/wp-json\/wp\/v2\/comments?post=4"}],"version-history":[{"count":90,"href":"https:\/\/seobest.de\/demo260300\/wp-json\/wp\/v2\/pages\/4\/revisions"}],"predecessor-version":[{"id":11211,"href":"https:\/\/seobest.de\/demo260300\/wp-json\/wp\/v2\/pages\/4\/revisions\/11211"}],"wp:attachment":[{"href":"https:\/\/seobest.de\/demo260300\/wp-json\/wp\/v2\/media?parent=4"}],"curies":[{"name":"wp","href":"https:\/\/api.w.org\/{rel}","templated":true}]}}