{"id":10690,"date":"2024-04-06T17:07:27","date_gmt":"2024-04-06T15:07:27","guid":{"rendered":"https:\/\/seobest.de\/demo11222\/?page_id=10690"},"modified":"2025-11-19T11:20:52","modified_gmt":"2025-11-19T10:20:52","slug":"hydraulikkomponenten","status":"publish","type":"page","link":"https:\/\/seobest.de\/demo260300\/hydraulikkomponenten\/","title":{"rendered":"Hydraulikkomponenten"},"content":{"rendered":"\n<div style=\"height:40px\" aria-hidden=\"true\" class=\"wp-block-spacer\"><\/div>\n\n\n\n<div class=\"wp-block-columns animated fadeInRight is-layout-flex wp-container-core-columns-is-layout-9d6595d7 wp-block-columns-is-layout-flex\">\n<div class=\"wp-block-column clm_schw has-white-color has-text-color has-background has-link-color wp-elements-e0f5081b8304d7cf91749cf3f83fee76 is-layout-flow wp-block-column-is-layout-flow\" style=\"background-color:#1f59ad\">\n<div style=\"height:20px\" aria-hidden=\"true\" class=\"wp-block-spacer\"><\/div>\n\n\n\n<h2 class=\"wp-block-heading has-white-color has-text-color has-link-color wp-elements-06dc95171c2e2ff05728a6d36ab5ad83\">Pumpen<\/h2>\n\n\n\n<hr class=\"wp-block-separator has-text-color has-white-color has-alpha-channel-opacity has-white-background-color has-background is-style-wide\"\/>\n\n\n\n<div style=\"height:20px\" aria-hidden=\"true\" class=\"wp-block-spacer\"><\/div>\n\n\n\n<ul style=\"font-size:17px\" class=\"wp-block-list is-style-checkbox\">\n<li>Axialkolbenpumpen<\/li>\n\n\n\n<li>Fl\u00fcgelzellenpumpen<\/li>\n\n\n\n<li>Zahnradpumpen<\/li>\n\n\n\n<li>Mehrstrompumpen<\/li>\n<\/ul>\n\n\n\n<div style=\"height:20px\" aria-hidden=\"true\" class=\"wp-block-spacer\"><\/div>\n\n\n\n<p style=\"font-size:17px\">Spitzendruck: bis 500\u202fbar<br>F\u00f6rdervolumen: bis 270\u202fccm\/U<br>Ausf\u00fchrung: konstant oder verstellbar<\/p>\n<\/div>\n\n\n\n<div class=\"wp-block-column clm_schw has-white-color has-text-color has-background has-link-color wp-elements-42ac3e96bc50ba6af5f74c56c3114a86 is-layout-flow wp-block-column-is-layout-flow\" style=\"background-color:#1f59ad\">\n<div style=\"height:20px\" aria-hidden=\"true\" class=\"wp-block-spacer\"><\/div>\n\n\n\n<h2 class=\"wp-block-heading has-white-color has-text-color has-link-color wp-elements-bd76c91be0413a326585ee15ff264068\">Motoren<\/h2>\n\n\n\n<hr class=\"wp-block-separator has-text-color has-white-color has-alpha-channel-opacity has-white-background-color has-background is-style-wide\"\/>\n\n\n\n<div style=\"height:20px\" aria-hidden=\"true\" class=\"wp-block-spacer\"><\/div>\n\n\n\n<ul style=\"font-size:17px\" class=\"wp-block-list is-style-checkbox\">\n<li>Axialkolbenmotoren<\/li>\n\n\n\n<li>Fl\u00fcgelzellenmotoren<\/li>\n\n\n\n<li>Zahnradmotoren<\/li>\n\n\n\n<li>Mehrstrommotoren<\/li>\n<\/ul>\n\n\n\n<div style=\"height:20px\" aria-hidden=\"true\" class=\"wp-block-spacer\"><\/div>\n\n\n\n<p style=\"font-size:17px\">Spitzendruck: bis 520\u202fbar<br>F\u00f6rdervolumen: bis 100516 ccm\/U<br>Drehmoment bis 1600 Nm\/bar<\/p>\n<\/div>\n\n\n\n<div class=\"wp-block-column clm_schw has-white-color has-text-color has-background has-link-color wp-elements-2d749c12714ed9357416d17df30db0cc is-layout-flow wp-block-column-is-layout-flow\" style=\"background-color:#1f59ad\">\n<div style=\"height:20px\" aria-hidden=\"true\" class=\"wp-block-spacer\"><\/div>\n\n\n\n<h2 class=\"wp-block-heading has-white-color has-text-color has-link-color wp-elements-ec2841a786b2fea454618c7bc5ab3c63\">Druckventile<\/h2>\n\n\n\n<hr class=\"wp-block-separator has-text-color has-white-color has-alpha-channel-opacity has-white-background-color has-background is-style-wide\"\/>\n\n\n\n<div style=\"height:20px\" aria-hidden=\"true\" class=\"wp-block-spacer\"><\/div>\n\n\n\n<ul style=\"font-size:17px\" class=\"wp-block-list is-style-checkbox\">\n<li>Druckbegrenzung<\/li>\n\n\n\n<li>Druckminder<\/li>\n\n\n\n<li>Druckentlastung<\/li>\n\n\n\n<li>proportional<\/li>\n<\/ul>\n\n\n\n<p style=\"font-size:17px\">Plattenaufbau &#8211; Leitungseinbau &#8211; Flanschbauart &#8211; Sandwichbauart &#8211; Blockeinbau<\/p>\n\n\n\n<p style=\"font-size:17px\">Max. Druck bis 350 bar<br>Max. Durchfluss bis 600 l\/min<\/p>\n<\/div>\n<\/div>\n\n\n\n<div style=\"height:50px\" aria-hidden=\"true\" class=\"wp-block-spacer\"><\/div>\n\n\n<div class=\"wp-block-coblocks-shape-divider is-style-triangle animated fadeInRight mt-0 mb-0\" style=\"color: #1f59ad;\" aria-hidden=\"true\">\n\t\t\t<div class=\"wp-block-coblocks-shape-divider__svg-wrapper\" style=\"height:5px;\">\n\t\t\t\t<svg class=\"divider--triangle\" viewBox=\"0 0 100 100\" xmlns=\"http:\/\/www.w3.org\/2000\/svg\" preserveAspectRatio=\"none\"><path d=\"m0 0 50 100 50-100z\" fillRule=\"evenodd\" transform=\"matrix(1 0 0 -1 0 100)\" \/><\/svg>\n\t\t\t<\/div>\n\t\t\t<div class=\"wp-block-coblocks-shape-divider__alt-wrapper\" style=\"height:0px;\"><\/div>\n\t\t<\/div>\n\n\n<div style=\"height:70px\" aria-hidden=\"true\" class=\"wp-block-spacer\"><\/div>\n\n\n\n<div class=\"wp-block-columns animated fadeInLeft is-layout-flex wp-container-core-columns-is-layout-9d6595d7 wp-block-columns-is-layout-flex\">\n<div class=\"wp-block-column clm_schw has-white-color has-text-color has-background has-link-color wp-elements-734dc84a0da99470eedaca3a2f7c944b is-layout-flow wp-block-column-is-layout-flow\" style=\"background-color:#1f59ad\">\n<div style=\"height:20px\" aria-hidden=\"true\" class=\"wp-block-spacer\"><\/div>\n\n\n\n<h2 class=\"wp-block-heading has-white-color has-text-color has-link-color wp-elements-79e9b778d26bebfe6131792e13898ef1\">Wegeventile<\/h2>\n\n\n\n<hr class=\"wp-block-separator has-text-color has-white-color has-alpha-channel-opacity has-white-background-color has-background is-style-wide\"\/>\n\n\n\n<div style=\"height:20px\" aria-hidden=\"true\" class=\"wp-block-spacer\"><\/div>\n\n\n\n<ul style=\"font-size:17px\" class=\"wp-block-list is-style-checkbox\">\n<li>direkt gesteuert<\/li>\n\n\n\n<li>vorgesteuert<\/li>\n\n\n\n<li>proportional<\/li>\n\n\n\n<li>mit Stellungs\u00fcberwachung<\/li>\n\n\n\n<li>Steuerung: elektrisch (Gleich- oder Wechselstrom)<\/li>\n\n\n\n<li>mechanisch-manuell<\/li>\n\n\n\n<li>hydraulisch-pneumatisch<\/li>\n<\/ul>\n\n\n\n<div style=\"height:20px\" aria-hidden=\"true\" class=\"wp-block-spacer\"><\/div>\n\n\n\n<p style=\"font-size:17px\">Max. Druck bis 350 bar<br>Max. Durchfluss bis 500 l\/min<\/p>\n<\/div>\n\n\n\n<div class=\"wp-block-column clm_schw has-white-color has-text-color has-background has-link-color wp-elements-1dbe549d52be99004d07fc04ba2e6a55 is-layout-flow wp-block-column-is-layout-flow\" style=\"background-color:#1f59ad\">\n<div style=\"height:20px\" aria-hidden=\"true\" class=\"wp-block-spacer\"><\/div>\n\n\n\n<h2 class=\"wp-block-heading has-white-color has-text-color has-link-color wp-elements-137d5d4718b2900c97cce80a64119d33\">Stromventile &#8211; Sperrventile<\/h2>\n\n\n\n<hr class=\"wp-block-separator has-text-color has-white-color has-alpha-channel-opacity has-white-background-color has-background is-style-wide\"\/>\n\n\n\n<div style=\"height:20px\" aria-hidden=\"true\" class=\"wp-block-spacer\"><\/div>\n\n\n\n<ul style=\"font-size:17px\" class=\"wp-block-list is-style-checkbox\">\n<li>Drosselventile<\/li>\n\n\n\n<li>Drosselr\u00fcckschlagventile<\/li>\n\n\n\n<li>2-Wege-Stromregel<\/li>\n\n\n\n<li>proportional &#8211; R\u00fcckschlagventile<\/li>\n\n\n\n<li>direkt gesteuert<\/li>\n\n\n\n<li>hydraulisch entsperrbar<\/li>\n<\/ul>\n\n\n\n<div style=\"height:20px\" aria-hidden=\"true\" class=\"wp-block-spacer\"><\/div>\n\n\n\n<p style=\"font-size:17px\">Plattenaufbau &#8211; Leitungseinbau &#8211; Flanschbauart &#8211; Sandwichbauart &#8211; Blockeinbau<\/p>\n<\/div>\n\n\n\n<div class=\"wp-block-column clm_schw has-white-color has-text-color has-background has-link-color wp-elements-71f247f18547c8d320748b5e3a647e59 is-layout-flow wp-block-column-is-layout-flow\" style=\"background-color:#1f59ad\">\n<div style=\"height:20px\" aria-hidden=\"true\" class=\"wp-block-spacer\"><\/div>\n\n\n\n<h2 class=\"wp-block-heading has-white-color has-text-color has-link-color wp-elements-b8ccbd3db44d06bc482a995399ffd741\">Sitzventile<\/h2>\n\n\n\n<hr class=\"wp-block-separator has-text-color has-white-color has-alpha-channel-opacity has-white-background-color has-background is-style-wide\"\/>\n\n\n\n<div style=\"height:20px\" aria-hidden=\"true\" class=\"wp-block-spacer\"><\/div>\n\n\n\n<ul style=\"font-size:17px\" class=\"wp-block-list is-style-checkbox\">\n<li>Druckbegrenzung<\/li>\n\n\n\n<li>Druckminder<\/li>\n\n\n\n<li>Wegefunktion &#8211; Druckentlastung<\/li>\n\n\n\n<li>Druckzuschaltung<\/li>\n\n\n\n<li>hydraulisch entsperrbar<\/li>\n<\/ul>\n<\/div>\n<\/div>\n\n\n\n<div style=\"height:50px\" aria-hidden=\"true\" class=\"wp-block-spacer\"><\/div>\n\n\n<div class=\"wp-block-coblocks-shape-divider is-style-triangle animated fadeInLeft mt-0 mb-0\" style=\"color: #1f59ad;\" aria-hidden=\"true\">\n\t\t\t<div class=\"wp-block-coblocks-shape-divider__svg-wrapper\" style=\"height:5px;\">\n\t\t\t\t<svg class=\"divider--triangle\" viewBox=\"0 0 100 100\" xmlns=\"http:\/\/www.w3.org\/2000\/svg\" preserveAspectRatio=\"none\"><path d=\"m0 0 50 100 50-100z\" fillRule=\"evenodd\" transform=\"matrix(1 0 0 -1 0 100)\" \/><\/svg>\n\t\t\t<\/div>\n\t\t\t<div class=\"wp-block-coblocks-shape-divider__alt-wrapper\" style=\"height:0px;\"><\/div>\n\t\t<\/div>\n\n\n<div style=\"height:70px\" aria-hidden=\"true\" class=\"wp-block-spacer\"><\/div>\n\n\n\n<div class=\"wp-block-columns animated fadeInRight is-layout-flex wp-container-core-columns-is-layout-9d6595d7 wp-block-columns-is-layout-flex\">\n<div class=\"wp-block-column clm_schw has-white-color has-text-color has-background has-link-color wp-elements-12e3761053d4470f1567823e7e383b2a is-layout-flow wp-block-column-is-layout-flow\" style=\"background-color:#1f59ad\">\n<div style=\"height:20px\" aria-hidden=\"true\" class=\"wp-block-spacer\"><\/div>\n\n\n\n<h2 class=\"wp-block-heading has-white-color has-text-color has-link-color wp-elements-55224b7d65c8507d97fcf732256a18e1\">Elektronik<\/h2>\n\n\n\n<hr class=\"wp-block-separator has-text-color has-white-color has-alpha-channel-opacity has-white-background-color has-background is-style-wide\"\/>\n\n\n\n<div style=\"height:20px\" aria-hidden=\"true\" class=\"wp-block-spacer\"><\/div>\n\n\n\n<p style=\"font-size:17px\">Zur Ansteuerung von Proportional-Druck-, Wege- und Stromventilen sowie Axialkolben-Verstellpumpen stehen alle erforderlichen Steuerkarten, Potentiometer und Transformatoren zur Verf\u00fcgung.<\/p>\n<\/div>\n\n\n\n<div class=\"wp-block-column clm_schw has-white-color has-text-color has-background has-link-color wp-elements-ac0c78440b9f18943b212022119ef9d0 is-layout-flow wp-block-column-is-layout-flow\" style=\"background-color:#1f59ad\">\n<div style=\"height:20px\" aria-hidden=\"true\" class=\"wp-block-spacer\"><\/div>\n\n\n\n<h2 class=\"wp-block-heading has-white-color has-text-color has-link-color wp-elements-83d8dafa89916a329289b6a21c33e6f6\">Steuerbl\u00f6cke<\/h2>\n\n\n\n<hr class=\"wp-block-separator has-text-color has-white-color has-alpha-channel-opacity has-white-background-color has-background is-style-wide\"\/>\n\n\n\n<div style=\"height:20px\" aria-hidden=\"true\" class=\"wp-block-spacer\"><\/div>\n\n\n\n<ul style=\"font-size:17px\" class=\"wp-block-list is-style-checkbox\">\n<li>Standardbl\u00f6cke &#8211; Sonderbl\u00f6cke &#8211; Pressenbl\u00f6cke &#8211; Reihenanschlussplatten<\/li>\n<\/ul>\n<\/div>\n<\/div>\n\n\n\n<div style=\"height:100px\" aria-hidden=\"true\" class=\"wp-block-spacer\"><\/div>\n\n\n\n<div class=\"wp-block-cover fwd_class\"><img loading=\"lazy\" decoding=\"async\" width=\"800\" height=\"600\" class=\"wp-block-cover__image-background wp-image-10853 size-full\" alt=\"\" src=\"http:\/\/seobest.de\/demo260300\/wp-content\/uploads\/2025\/03\/1317006_eb.jpg\" data-object-fit=\"cover\" srcset=\"https:\/\/seobest.de\/demo260300\/wp-content\/uploads\/2025\/03\/1317006_eb.jpg 800w, https:\/\/seobest.de\/demo260300\/wp-content\/uploads\/2025\/03\/1317006_eb-300x225.jpg 300w, https:\/\/seobest.de\/demo260300\/wp-content\/uploads\/2025\/03\/1317006_eb-768x576.jpg 768w\" sizes=\"auto, (max-width: 800px) 100vw, 800px\" \/><span aria-hidden=\"true\" class=\"wp-block-cover__background has-black-background-color has-background-dim-60 has-background-dim\"><\/span><div class=\"wp-block-cover__inner-container is-layout-flow wp-block-cover-is-layout-flow\">\n<div class=\"wp-block-columns is-layout-flex wp-container-core-columns-is-layout-9d6595d7 wp-block-columns-is-layout-flex\">\n<div class=\"wp-block-column hmn_content is-layout-flow wp-block-column-is-layout-flow\">\n<div class=\"wp-block-columns is-layout-flex wp-container-core-columns-is-layout-9d6595d7 wp-block-columns-is-layout-flex\">\n<div class=\"wp-block-column is-layout-flow wp-block-column-is-layout-flow\" style=\"flex-basis:80%\">\n<h2 class=\"wp-block-heading has-text-align-center o-typing-fast has-x-large-font-size\"><o-anim-typing>Steinhoff Hydraulik in Ober\u00f6sterreich<\/o-anim-typing><\/h2>\n<\/div>\n\n\n\n<div class=\"wp-block-column animated fadeInRight is-layout-flow wp-block-column-is-layout-flow\">\n<div class=\"wp-block-buttons is-content-justification-center is-layout-flex wp-container-core-buttons-is-layout-16018d1d wp-block-buttons-is-layout-flex\">\n<div class=\"wp-block-button hmn_btn\"><a class=\"wp-block-button__link has-white-color has-text-color has-background has-link-color has-medium-font-size has-text-align-center has-custom-font-size wp-element-button\" href=\"https:\/\/seobest.de\/demo260300\/kontakt\/\" style=\"background-color:#1f59ad\">KONTAKT<\/a><\/div>\n<\/div>\n<\/div>\n<\/div>\n<\/div>\n<\/div>\n<\/div><\/div>\n","protected":false},"excerpt":{"rendered":"<p>Pumpen Spitzendruck: bis 500\u202fbarF\u00f6rdervolumen: bis 270\u202fccm\/UAusf\u00fchrung: konstant oder verstellbar Motoren Spitzendruck: bis 520\u202fbarF\u00f6rdervolumen: bis 100516 ccm\/UDrehmoment bis 1600 Nm\/bar Druckventile Plattenaufbau &#8211; Leitungseinbau &#8211; Flanschbauart &#8211; Sandwichbauart &#8211; Blockeinbau Max. &#8230;<\/p>\n","protected":false},"author":1,"featured_media":11212,"parent":0,"menu_order":0,"comment_status":"closed","ping_status":"closed","template":"","meta":{"_coblocks_attr":"","_coblocks_dimensions":"","_coblocks_responsive_height":"","_coblocks_accordion_ie_support":"","pgc_sgb_lightbox_settings":"","footnotes":""},"class_list":["post-10690","page","type-page","status-publish","has-post-thumbnail","hentry"],"_links":{"self":[{"href":"https:\/\/seobest.de\/demo260300\/wp-json\/wp\/v2\/pages\/10690","targetHints":{"allow":["GET"]}}],"collection":[{"href":"https:\/\/seobest.de\/demo260300\/wp-json\/wp\/v2\/pages"}],"about":[{"href":"https:\/\/seobest.de\/demo260300\/wp-json\/wp\/v2\/types\/page"}],"author":[{"embeddable":true,"href":"https:\/\/seobest.de\/demo260300\/wp-json\/wp\/v2\/users\/1"}],"replies":[{"embeddable":true,"href":"https:\/\/seobest.de\/demo260300\/wp-json\/wp\/v2\/comments?post=10690"}],"version-history":[{"count":14,"href":"https:\/\/seobest.de\/demo260300\/wp-json\/wp\/v2\/pages\/10690\/revisions"}],"predecessor-version":[{"id":11182,"href":"https:\/\/seobest.de\/demo260300\/wp-json\/wp\/v2\/pages\/10690\/revisions\/11182"}],"wp:featuredmedia":[{"embeddable":true,"href":"https:\/\/seobest.de\/demo260300\/wp-json\/wp\/v2\/media\/11212"}],"wp:attachment":[{"href":"https:\/\/seobest.de\/demo260300\/wp-json\/wp\/v2\/media?parent=10690"}],"curies":[{"name":"wp","href":"https:\/\/api.w.org\/{rel}","templated":true}]}}